{"id":430,"date":"2021-02-03T15:59:29","date_gmt":"2021-02-03T14:59:29","guid":{"rendered":"http:\/\/garten.andre-schuermann.net\/wordpress\/?page_id=430"},"modified":"2024-12-01T11:20:33","modified_gmt":"2024-12-01T10:20:33","slug":"training-termine-2","status":"publish","type":"page","link":"http:\/\/garten.andre-schuermann.net\/?page_id=430","title":{"rendered":"Training \/ Termine"},"content":{"rendered":"\n<div class=\"wp-block-image\"><figure class=\"alignright\"><a href=\"http:\/\/garten.andre-schuermann.net\/wp-content\/uploads\/2017\/04\/Friggemann-Zertifikat-Ausbildungsstelle.jpg\"><img decoding=\"async\" src=\"http:\/\/garten.andre-schuermann.net\/wp-content\/uploads\/2017\/04\/Friggemann-Zertifikat-Ausbildungsstelle-212x300.jpg\" alt=\"\" class=\"wp-image-325\"\/><\/a><\/figure><\/div>\n\n\n\n<p><strong>Seit 2006 bieten wir Ihnen auch Schulungen an:<br>gem\u00e4\u00df GUV -18624 : AS1 MS Kurs 1 und MS Kurs 2<br>S\u00e4gen am liegenden Holz, F\u00e4llen und Entasten von B\u00e4umen.<\/strong><\/p>\n\n\n\n<p><strong>Motos\u00e4gen Schulungen:<\/strong><\/p>\n\n\n\n<p>Der Motors\u00e4genf\u00fchrer muss eine spezielle Schutzausr\u00fcstung tragen:<\/p>\n\n\n\n<ul class=\"wp-block-list\"><li>Schutzhelm mit Geh\u00f6r und Gesichtschutz<\/li><li>Schutzhandschuhe<\/li><li>Schnittschutzhose<\/li><li>Sicherheitsschuhe mit Schnittschutzeinlage<\/li><li>Sicherheitsweste mit Signalfarbe (empohlen)<\/li><li>Verbandp\u00e4ckchen<\/li><\/ul>\n\n\n\n<p>T<strong>ermine<\/strong><\/p>\n\n\n\n<ul class=\"wp-block-list\"><li>folgen<\/li><\/ul>\n\n\n\n<p><strong>Hier ein kleiner Einblick:<\/strong><\/p>\n\n\n\n<figure class=\"wp-block-gallery columns-0 is-cropped wp-block-gallery-1 is-layout-flex wp-block-gallery-is-layout-flex\"><ul class=\"blocks-gallery-grid\"><li class=\"blocks-gallery-item\"><figure><a href=\"http:\/\/garten.andre-schuermann.net\/wp-content\/uploads\/2021\/01\/IMG_9625-scaled.jpg\"><img loading=\"lazy\" decoding=\"async\" width=\"1024\" height=\"683\" src=\"http:\/\/garten.andre-schuermann.net\/wp-content\/uploads\/2021\/01\/IMG_9625-1024x683.jpg\" alt=\"\" data-id=\"279\" data-full-url=\"http:\/\/garten.andre-schuermann.net\/wp-content\/uploads\/2021\/01\/IMG_9625-scaled.jpg\" data-link=\"http:\/\/garten.andre-schuermann.net\/?attachment_id=279\" class=\"wp-image-279\" srcset=\"http:\/\/garten.andre-schuermann.net\/wp-content\/uploads\/2021\/01\/IMG_9625-1024x683.jpg 1024w, http:\/\/garten.andre-schuermann.net\/wp-content\/uploads\/2021\/01\/IMG_9625-300x200.jpg 300w, http:\/\/garten.andre-schuermann.net\/wp-content\/uploads\/2021\/01\/IMG_9625-768x512.jpg 768w, http:\/\/garten.andre-schuermann.net\/wp-content\/uploads\/2021\/01\/IMG_9625-1536x1024.jpg 1536w, http:\/\/garten.andre-schuermann.net\/wp-content\/uploads\/2021\/01\/IMG_9625-2048x1365.jpg 2048w\" sizes=\"auto, (max-width: 1024px) 100vw, 1024px\" \/><\/a><\/figure><\/li><li class=\"blocks-gallery-item\"><figure><a href=\"http:\/\/garten.andre-schuermann.net\/wp-content\/uploads\/2021\/01\/IMG_9628-scaled.jpg\"><img loading=\"lazy\" decoding=\"async\" width=\"683\" height=\"1024\" src=\"http:\/\/garten.andre-schuermann.net\/wp-content\/uploads\/2021\/01\/IMG_9628-683x1024.jpg\" alt=\"\" data-id=\"289\" data-full-url=\"http:\/\/garten.andre-schuermann.net\/wp-content\/uploads\/2021\/01\/IMG_9628-scaled.jpg\" data-link=\"http:\/\/garten.andre-schuermann.net\/?attachment_id=289\" class=\"wp-image-289\" srcset=\"http:\/\/garten.andre-schuermann.net\/wp-content\/uploads\/2021\/01\/IMG_9628-683x1024.jpg 683w, http:\/\/garten.andre-schuermann.net\/wp-content\/uploads\/2021\/01\/IMG_9628-200x300.jpg 200w, http:\/\/garten.andre-schuermann.net\/wp-content\/uploads\/2021\/01\/IMG_9628-768x1152.jpg 768w, http:\/\/garten.andre-schuermann.net\/wp-content\/uploads\/2021\/01\/IMG_9628-1024x1536.jpg 1024w, http:\/\/garten.andre-schuermann.net\/wp-content\/uploads\/2021\/01\/IMG_9628-1365x2048.jpg 1365w, http:\/\/garten.andre-schuermann.net\/wp-content\/uploads\/2021\/01\/IMG_9628-scaled.jpg 1707w\" sizes=\"auto, (max-width: 683px) 100vw, 683px\" \/><\/a><\/figure><\/li><li class=\"blocks-gallery-item\"><figure><a href=\"http:\/\/garten.andre-schuermann.net\/wp-content\/uploads\/2021\/01\/IMG_9624-scaled.jpg\"><img loading=\"lazy\" decoding=\"async\" width=\"1024\" height=\"683\" src=\"http:\/\/garten.andre-schuermann.net\/wp-content\/uploads\/2021\/01\/IMG_9624-1024x683.jpg\" alt=\"\" data-id=\"274\" data-full-url=\"http:\/\/garten.andre-schuermann.net\/wp-content\/uploads\/2021\/01\/IMG_9624-scaled.jpg\" data-link=\"http:\/\/garten.andre-schuermann.net\/?attachment_id=274\" class=\"wp-image-274\" srcset=\"http:\/\/garten.andre-schuermann.net\/wp-content\/uploads\/2021\/01\/IMG_9624-1024x683.jpg 1024w, http:\/\/garten.andre-schuermann.net\/wp-content\/uploads\/2021\/01\/IMG_9624-300x200.jpg 300w, http:\/\/garten.andre-schuermann.net\/wp-content\/uploads\/2021\/01\/IMG_9624-768x512.jpg 768w, http:\/\/garten.andre-schuermann.net\/wp-content\/uploads\/2021\/01\/IMG_9624-1536x1024.jpg 1536w, http:\/\/garten.andre-schuermann.net\/wp-content\/uploads\/2021\/01\/IMG_9624-2048x1366.jpg 2048w\" sizes=\"auto, (max-width: 1024px) 100vw, 1024px\" \/><\/a><\/figure><\/li><li class=\"blocks-gallery-item\"><figure><a href=\"http:\/\/garten.andre-schuermann.net\/wp-content\/uploads\/2021\/01\/IMG_9623-scaled.jpg\"><img loading=\"lazy\" decoding=\"async\" width=\"1024\" height=\"683\" src=\"http:\/\/garten.andre-schuermann.net\/wp-content\/uploads\/2021\/01\/IMG_9623-1024x683.jpg\" alt=\"\" data-id=\"269\" data-full-url=\"http:\/\/garten.andre-schuermann.net\/wp-content\/uploads\/2021\/01\/IMG_9623-scaled.jpg\" data-link=\"http:\/\/garten.andre-schuermann.net\/?attachment_id=269\" class=\"wp-image-269\" srcset=\"http:\/\/garten.andre-schuermann.net\/wp-content\/uploads\/2021\/01\/IMG_9623-1024x683.jpg 1024w, http:\/\/garten.andre-schuermann.net\/wp-content\/uploads\/2021\/01\/IMG_9623-300x200.jpg 300w, http:\/\/garten.andre-schuermann.net\/wp-content\/uploads\/2021\/01\/IMG_9623-768x512.jpg 768w, http:\/\/garten.andre-schuermann.net\/wp-content\/uploads\/2021\/01\/IMG_9623-1536x1024.jpg 1536w, http:\/\/garten.andre-schuermann.net\/wp-content\/uploads\/2021\/01\/IMG_9623-2048x1365.jpg 2048w\" sizes=\"auto, (max-width: 1024px) 100vw, 1024px\" \/><\/a><\/figure><\/li><li class=\"blocks-gallery-item\"><figure><a href=\"http:\/\/garten.andre-schuermann.net\/wp-content\/uploads\/2021\/01\/IMG_9618-e1382803898566-scaled.jpg\"><img loading=\"lazy\" decoding=\"async\" width=\"683\" height=\"1024\" src=\"http:\/\/garten.andre-schuermann.net\/wp-content\/uploads\/2021\/01\/IMG_9618-e1382803898566-683x1024.jpg\" alt=\"\" data-id=\"259\" data-full-url=\"http:\/\/garten.andre-schuermann.net\/wp-content\/uploads\/2021\/01\/IMG_9618-e1382803898566-scaled.jpg\" data-link=\"http:\/\/garten.andre-schuermann.net\/?attachment_id=259\" class=\"wp-image-259\" srcset=\"http:\/\/garten.andre-schuermann.net\/wp-content\/uploads\/2021\/01\/IMG_9618-e1382803898566-683x1024.jpg 683w, http:\/\/garten.andre-schuermann.net\/wp-content\/uploads\/2021\/01\/IMG_9618-e1382803898566-200x300.jpg 200w, http:\/\/garten.andre-schuermann.net\/wp-content\/uploads\/2021\/01\/IMG_9618-e1382803898566-768x1152.jpg 768w, http:\/\/garten.andre-schuermann.net\/wp-content\/uploads\/2021\/01\/IMG_9618-e1382803898566-1024x1536.jpg 1024w, http:\/\/garten.andre-schuermann.net\/wp-content\/uploads\/2021\/01\/IMG_9618-e1382803898566-1365x2048.jpg 1365w, http:\/\/garten.andre-schuermann.net\/wp-content\/uploads\/2021\/01\/IMG_9618-e1382803898566-scaled.jpg 1707w\" sizes=\"auto, (max-width: 683px) 100vw, 683px\" \/><\/a><\/figure><\/li><li class=\"blocks-gallery-item\"><figure><a href=\"http:\/\/garten.andre-schuermann.net\/wp-content\/uploads\/2021\/01\/IMG_9611-e1382803518253-682x1024-1.jpg\"><img loading=\"lazy\" decoding=\"async\" width=\"682\" height=\"1024\" src=\"http:\/\/garten.andre-schuermann.net\/wp-content\/uploads\/2021\/01\/IMG_9611-e1382803518253-682x1024-1.jpg\" alt=\"\" data-id=\"253\" data-full-url=\"http:\/\/garten.andre-schuermann.net\/wp-content\/uploads\/2021\/01\/IMG_9611-e1382803518253-682x1024-1.jpg\" data-link=\"http:\/\/garten.andre-schuermann.net\/?attachment_id=253\" class=\"wp-image-253\" srcset=\"http:\/\/garten.andre-schuermann.net\/wp-content\/uploads\/2021\/01\/IMG_9611-e1382803518253-682x1024-1.jpg 682w, http:\/\/garten.andre-schuermann.net\/wp-content\/uploads\/2021\/01\/IMG_9611-e1382803518253-682x1024-1-200x300.jpg 200w\" sizes=\"auto, (max-width: 682px) 100vw, 682px\" \/><\/a><\/figure><\/li><li class=\"blocks-gallery-item\"><figure><a href=\"http:\/\/garten.andre-schuermann.net\/wp-content\/uploads\/2021\/01\/IMG_9587-604x270-1.jpg\"><img loading=\"lazy\" decoding=\"async\" width=\"604\" height=\"270\" src=\"http:\/\/garten.andre-schuermann.net\/wp-content\/uploads\/2021\/01\/IMG_9587-604x270-1.jpg\" alt=\"\" data-id=\"248\" data-full-url=\"http:\/\/garten.andre-schuermann.net\/wp-content\/uploads\/2021\/01\/IMG_9587-604x270-1.jpg\" data-link=\"http:\/\/garten.andre-schuermann.net\/?attachment_id=248\" class=\"wp-image-248\" srcset=\"http:\/\/garten.andre-schuermann.net\/wp-content\/uploads\/2021\/01\/IMG_9587-604x270-1.jpg 604w, http:\/\/garten.andre-schuermann.net\/wp-content\/uploads\/2021\/01\/IMG_9587-604x270-1-300x134.jpg 300w\" sizes=\"auto, (max-width: 604px) 100vw, 604px\" \/><\/a><\/figure><\/li><li class=\"blocks-gallery-item\"><figure><a href=\"http:\/\/garten.andre-schuermann.net\/wp-content\/uploads\/2021\/01\/IMG_9584-e1382803939516-scaled.jpg\"><img loading=\"lazy\" decoding=\"async\" width=\"683\" height=\"1024\" src=\"http:\/\/garten.andre-schuermann.net\/wp-content\/uploads\/2021\/01\/IMG_9584-e1382803939516-683x1024.jpg\" alt=\"\" data-id=\"244\" data-full-url=\"http:\/\/garten.andre-schuermann.net\/wp-content\/uploads\/2021\/01\/IMG_9584-e1382803939516-scaled.jpg\" data-link=\"http:\/\/garten.andre-schuermann.net\/?attachment_id=244\" class=\"wp-image-244\" srcset=\"http:\/\/garten.andre-schuermann.net\/wp-content\/uploads\/2021\/01\/IMG_9584-e1382803939516-683x1024.jpg 683w, http:\/\/garten.andre-schuermann.net\/wp-content\/uploads\/2021\/01\/IMG_9584-e1382803939516-200x300.jpg 200w, http:\/\/garten.andre-schuermann.net\/wp-content\/uploads\/2021\/01\/IMG_9584-e1382803939516-768x1152.jpg 768w, http:\/\/garten.andre-schuermann.net\/wp-content\/uploads\/2021\/01\/IMG_9584-e1382803939516-1024x1536.jpg 1024w, http:\/\/garten.andre-schuermann.net\/wp-content\/uploads\/2021\/01\/IMG_9584-e1382803939516-1365x2048.jpg 1365w, http:\/\/garten.andre-schuermann.net\/wp-content\/uploads\/2021\/01\/IMG_9584-e1382803939516-scaled.jpg 1707w\" sizes=\"auto, (max-width: 683px) 100vw, 683px\" \/><\/a><\/figure><\/li><li class=\"blocks-gallery-item\"><figure><a href=\"http:\/\/garten.andre-schuermann.net\/wp-content\/uploads\/2021\/01\/IMG_9576-scaled.jpg\"><img loading=\"lazy\" decoding=\"async\" width=\"1024\" height=\"683\" src=\"http:\/\/garten.andre-schuermann.net\/wp-content\/uploads\/2021\/01\/IMG_9576-1024x683.jpg\" alt=\"\" data-id=\"239\" data-full-url=\"http:\/\/garten.andre-schuermann.net\/wp-content\/uploads\/2021\/01\/IMG_9576-scaled.jpg\" data-link=\"http:\/\/garten.andre-schuermann.net\/?attachment_id=239\" class=\"wp-image-239\" srcset=\"http:\/\/garten.andre-schuermann.net\/wp-content\/uploads\/2021\/01\/IMG_9576-1024x683.jpg 1024w, http:\/\/garten.andre-schuermann.net\/wp-content\/uploads\/2021\/01\/IMG_9576-300x200.jpg 300w, http:\/\/garten.andre-schuermann.net\/wp-content\/uploads\/2021\/01\/IMG_9576-768x512.jpg 768w, http:\/\/garten.andre-schuermann.net\/wp-content\/uploads\/2021\/01\/IMG_9576-1536x1024.jpg 1536w, http:\/\/garten.andre-schuermann.net\/wp-content\/uploads\/2021\/01\/IMG_9576-2048x1365.jpg 2048w\" sizes=\"auto, (max-width: 1024px) 100vw, 1024px\" \/><\/a><\/figure><\/li><li class=\"blocks-gallery-item\"><figure><a href=\"http:\/\/garten.andre-schuermann.net\/wp-content\/uploads\/2021\/01\/IMG_9576-1024x682-1.jpg\"><img loading=\"lazy\" decoding=\"async\" width=\"1024\" height=\"682\" src=\"http:\/\/garten.andre-schuermann.net\/wp-content\/uploads\/2021\/01\/IMG_9576-1024x682-1.jpg\" alt=\"\" data-id=\"235\" data-full-url=\"http:\/\/garten.andre-schuermann.net\/wp-content\/uploads\/2021\/01\/IMG_9576-1024x682-1.jpg\" data-link=\"http:\/\/garten.andre-schuermann.net\/?attachment_id=235\" class=\"wp-image-235\" srcset=\"http:\/\/garten.andre-schuermann.net\/wp-content\/uploads\/2021\/01\/IMG_9576-1024x682-1.jpg 1024w, http:\/\/garten.andre-schuermann.net\/wp-content\/uploads\/2021\/01\/IMG_9576-1024x682-1-300x200.jpg 300w, http:\/\/garten.andre-schuermann.net\/wp-content\/uploads\/2021\/01\/IMG_9576-1024x682-1-768x512.jpg 768w\" sizes=\"auto, (max-width: 1024px) 100vw, 1024px\" \/><\/a><\/figure><\/li><li class=\"blocks-gallery-item\"><figure><a href=\"http:\/\/garten.andre-schuermann.net\/wp-content\/uploads\/2021\/01\/IMG_9531-scaled.jpg\"><img loading=\"lazy\" decoding=\"async\" width=\"1024\" height=\"683\" src=\"http:\/\/garten.andre-schuermann.net\/wp-content\/uploads\/2021\/01\/IMG_9531-1024x683.jpg\" alt=\"\" data-id=\"219\" data-full-url=\"http:\/\/garten.andre-schuermann.net\/wp-content\/uploads\/2021\/01\/IMG_9531-scaled.jpg\" data-link=\"http:\/\/garten.andre-schuermann.net\/?attachment_id=219\" class=\"wp-image-219\" srcset=\"http:\/\/garten.andre-schuermann.net\/wp-content\/uploads\/2021\/01\/IMG_9531-1024x683.jpg 1024w, http:\/\/garten.andre-schuermann.net\/wp-content\/uploads\/2021\/01\/IMG_9531-300x200.jpg 300w, http:\/\/garten.andre-schuermann.net\/wp-content\/uploads\/2021\/01\/IMG_9531-768x512.jpg 768w, http:\/\/garten.andre-schuermann.net\/wp-content\/uploads\/2021\/01\/IMG_9531-1536x1024.jpg 1536w, http:\/\/garten.andre-schuermann.net\/wp-content\/uploads\/2021\/01\/IMG_9531-2048x1365.jpg 2048w\" sizes=\"auto, (max-width: 1024px) 100vw, 1024px\" \/><\/a><\/figure><\/li><li class=\"blocks-gallery-item\"><figure><a href=\"http:\/\/garten.andre-schuermann.net\/wp-content\/uploads\/2021\/01\/IMG_9524-scaled.jpg\"><img loading=\"lazy\" decoding=\"async\" width=\"1024\" height=\"683\" src=\"http:\/\/garten.andre-schuermann.net\/wp-content\/uploads\/2021\/01\/IMG_9524-1024x683.jpg\" alt=\"\" data-id=\"214\" data-full-url=\"http:\/\/garten.andre-schuermann.net\/wp-content\/uploads\/2021\/01\/IMG_9524-scaled.jpg\" data-link=\"http:\/\/garten.andre-schuermann.net\/?attachment_id=214\" class=\"wp-image-214\" srcset=\"http:\/\/garten.andre-schuermann.net\/wp-content\/uploads\/2021\/01\/IMG_9524-1024x683.jpg 1024w, http:\/\/garten.andre-schuermann.net\/wp-content\/uploads\/2021\/01\/IMG_9524-300x200.jpg 300w, http:\/\/garten.andre-schuermann.net\/wp-content\/uploads\/2021\/01\/IMG_9524-768x512.jpg 768w, http:\/\/garten.andre-schuermann.net\/wp-content\/uploads\/2021\/01\/IMG_9524-1536x1024.jpg 1536w, http:\/\/garten.andre-schuermann.net\/wp-content\/uploads\/2021\/01\/IMG_9524-2048x1365.jpg 2048w\" sizes=\"auto, (max-width: 1024px) 100vw, 1024px\" \/><\/a><\/figure><\/li><li class=\"blocks-gallery-item\"><figure><a href=\"http:\/\/garten.andre-schuermann.net\/wp-content\/uploads\/2021\/01\/IMG_0025-1024x682-1.jpg\"><img loading=\"lazy\" decoding=\"async\" width=\"1024\" height=\"682\" src=\"http:\/\/garten.andre-schuermann.net\/wp-content\/uploads\/2021\/01\/IMG_0025-1024x682-1.jpg\" alt=\"\" data-id=\"205\" data-full-url=\"http:\/\/garten.andre-schuermann.net\/wp-content\/uploads\/2021\/01\/IMG_0025-1024x682-1.jpg\" data-link=\"http:\/\/garten.andre-schuermann.net\/?attachment_id=205\" class=\"wp-image-205\" srcset=\"http:\/\/garten.andre-schuermann.net\/wp-content\/uploads\/2021\/01\/IMG_0025-1024x682-1.jpg 1024w, http:\/\/garten.andre-schuermann.net\/wp-content\/uploads\/2021\/01\/IMG_0025-1024x682-1-300x200.jpg 300w, http:\/\/garten.andre-schuermann.net\/wp-content\/uploads\/2021\/01\/IMG_0025-1024x682-1-768x512.jpg 768w\" sizes=\"auto, (max-width: 1024px) 100vw, 1024px\" \/><\/a><\/figure><\/li><li class=\"blocks-gallery-item\"><figure><a href=\"http:\/\/garten.andre-schuermann.net\/wp-content\/uploads\/2021\/01\/IMG_0012-scaled.jpg\"><img loading=\"lazy\" decoding=\"async\" width=\"1024\" height=\"683\" src=\"http:\/\/garten.andre-schuermann.net\/wp-content\/uploads\/2021\/01\/IMG_0012-1024x683.jpg\" alt=\"\" data-id=\"204\" data-full-url=\"http:\/\/garten.andre-schuermann.net\/wp-content\/uploads\/2021\/01\/IMG_0012-scaled.jpg\" data-link=\"http:\/\/garten.andre-schuermann.net\/?attachment_id=204\" class=\"wp-image-204\" srcset=\"http:\/\/garten.andre-schuermann.net\/wp-content\/uploads\/2021\/01\/IMG_0012-1024x683.jpg 1024w, http:\/\/garten.andre-schuermann.net\/wp-content\/uploads\/2021\/01\/IMG_0012-300x200.jpg 300w, http:\/\/garten.andre-schuermann.net\/wp-content\/uploads\/2021\/01\/IMG_0012-768x512.jpg 768w, http:\/\/garten.andre-schuermann.net\/wp-content\/uploads\/2021\/01\/IMG_0012-1536x1024.jpg 1536w, http:\/\/garten.andre-schuermann.net\/wp-content\/uploads\/2021\/01\/IMG_0012-2048x1365.jpg 2048w\" sizes=\"auto, (max-width: 1024px) 100vw, 1024px\" \/><\/a><\/figure><\/li><li class=\"blocks-gallery-item\"><figure><a href=\"http:\/\/garten.andre-schuermann.net\/wp-content\/uploads\/2021\/01\/Unterweisung_Snack.jpg\"><img loading=\"lazy\" decoding=\"async\" width=\"1024\" height=\"681\" src=\"http:\/\/garten.andre-schuermann.net\/wp-content\/uploads\/2021\/01\/Unterweisung_Snack-1024x681.jpg\" alt=\"\" data-id=\"195\" data-full-url=\"http:\/\/garten.andre-schuermann.net\/wp-content\/uploads\/2021\/01\/Unterweisung_Snack.jpg\" data-link=\"http:\/\/garten.andre-schuermann.net\/?attachment_id=195\" class=\"wp-image-195\" srcset=\"http:\/\/garten.andre-schuermann.net\/wp-content\/uploads\/2021\/01\/Unterweisung_Snack-1024x681.jpg 1024w, http:\/\/garten.andre-schuermann.net\/wp-content\/uploads\/2021\/01\/Unterweisung_Snack-300x200.jpg 300w, http:\/\/garten.andre-schuermann.net\/wp-content\/uploads\/2021\/01\/Unterweisung_Snack-768x511.jpg 768w, http:\/\/garten.andre-schuermann.net\/wp-content\/uploads\/2021\/01\/Unterweisung_Snack-1536x1022.jpg 1536w, http:\/\/garten.andre-schuermann.net\/wp-content\/uploads\/2021\/01\/Unterweisung_Snack.jpg 1936w\" sizes=\"auto, (max-width: 1024px) 100vw, 1024px\" \/><\/a><\/figure><\/li><li class=\"blocks-gallery-item\"><figure><a href=\"http:\/\/garten.andre-schuermann.net\/wp-content\/uploads\/2021\/01\/Unterweisung_Bekleidung.jpg\"><img loading=\"lazy\" decoding=\"async\" width=\"989\" height=\"1024\" src=\"http:\/\/garten.andre-schuermann.net\/wp-content\/uploads\/2021\/01\/Unterweisung_Bekleidung-989x1024.jpg\" alt=\"\" data-id=\"186\" data-full-url=\"http:\/\/garten.andre-schuermann.net\/wp-content\/uploads\/2021\/01\/Unterweisung_Bekleidung.jpg\" data-link=\"http:\/\/garten.andre-schuermann.net\/?attachment_id=186\" class=\"wp-image-186\" srcset=\"http:\/\/garten.andre-schuermann.net\/wp-content\/uploads\/2021\/01\/Unterweisung_Bekleidung-989x1024.jpg 989w, http:\/\/garten.andre-schuermann.net\/wp-content\/uploads\/2021\/01\/Unterweisung_Bekleidung-290x300.jpg 290w, http:\/\/garten.andre-schuermann.net\/wp-content\/uploads\/2021\/01\/Unterweisung_Bekleidung-768x796.jpg 768w, http:\/\/garten.andre-schuermann.net\/wp-content\/uploads\/2021\/01\/Unterweisung_Bekleidung-1483x1536.jpg 1483w, http:\/\/garten.andre-schuermann.net\/wp-content\/uploads\/2021\/01\/Unterweisung_Bekleidung-1977x2048.jpg 1977w\" sizes=\"auto, (max-width: 989px) 100vw, 989px\" \/><\/a><\/figure><\/li><li class=\"blocks-gallery-item\"><figure><a href=\"http:\/\/garten.andre-schuermann.net\/wp-content\/uploads\/2021\/01\/Unterweisung_Header.jpg\"><img loading=\"lazy\" decoding=\"async\" width=\"1018\" height=\"460\" src=\"http:\/\/garten.andre-schuermann.net\/wp-content\/uploads\/2021\/01\/Unterweisung_Header.jpg\" alt=\"\" data-id=\"190\" data-full-url=\"http:\/\/garten.andre-schuermann.net\/wp-content\/uploads\/2021\/01\/Unterweisung_Header.jpg\" data-link=\"http:\/\/garten.andre-schuermann.net\/?attachment_id=190\" class=\"wp-image-190\" srcset=\"http:\/\/garten.andre-schuermann.net\/wp-content\/uploads\/2021\/01\/Unterweisung_Header.jpg 1018w, http:\/\/garten.andre-schuermann.net\/wp-content\/uploads\/2021\/01\/Unterweisung_Header-300x136.jpg 300w, http:\/\/garten.andre-schuermann.net\/wp-content\/uploads\/2021\/01\/Unterweisung_Header-768x347.jpg 768w\" sizes=\"auto, (max-width: 1018px) 100vw, 1018px\" \/><\/a><\/figure><\/li><li class=\"blocks-gallery-item\"><figure><a href=\"http:\/\/garten.andre-schuermann.net\/wp-content\/uploads\/2021\/01\/Unterweisung_1-1024x681-1.jpg\"><img loading=\"lazy\" decoding=\"async\" width=\"1024\" height=\"681\" src=\"http:\/\/garten.andre-schuermann.net\/wp-content\/uploads\/2021\/01\/Unterweisung_1-1024x681-1.jpg\" alt=\"\" data-id=\"167\" data-full-url=\"http:\/\/garten.andre-schuermann.net\/wp-content\/uploads\/2021\/01\/Unterweisung_1-1024x681-1.jpg\" data-link=\"http:\/\/garten.andre-schuermann.net\/?attachment_id=167\" class=\"wp-image-167\" srcset=\"http:\/\/garten.andre-schuermann.net\/wp-content\/uploads\/2021\/01\/Unterweisung_1-1024x681-1.jpg 1024w, http:\/\/garten.andre-schuermann.net\/wp-content\/uploads\/2021\/01\/Unterweisung_1-1024x681-1-300x200.jpg 300w, http:\/\/garten.andre-schuermann.net\/wp-content\/uploads\/2021\/01\/Unterweisung_1-1024x681-1-768x511.jpg 768w\" sizes=\"auto, (max-width: 1024px) 100vw, 1024px\" \/><\/a><\/figure><\/li><li class=\"blocks-gallery-item\"><figure><a href=\"http:\/\/garten.andre-schuermann.net\/wp-content\/uploads\/2021\/01\/Unterweisung_2-1024x751-1.jpg\"><img loading=\"lazy\" decoding=\"async\" width=\"1024\" height=\"751\" src=\"http:\/\/garten.andre-schuermann.net\/wp-content\/uploads\/2021\/01\/Unterweisung_2-1024x751-1.jpg\" alt=\"\" data-id=\"172\" data-full-url=\"http:\/\/garten.andre-schuermann.net\/wp-content\/uploads\/2021\/01\/Unterweisung_2-1024x751-1.jpg\" data-link=\"http:\/\/garten.andre-schuermann.net\/?attachment_id=172\" class=\"wp-image-172\" srcset=\"http:\/\/garten.andre-schuermann.net\/wp-content\/uploads\/2021\/01\/Unterweisung_2-1024x751-1.jpg 1024w, http:\/\/garten.andre-schuermann.net\/wp-content\/uploads\/2021\/01\/Unterweisung_2-1024x751-1-300x220.jpg 300w, http:\/\/garten.andre-schuermann.net\/wp-content\/uploads\/2021\/01\/Unterweisung_2-1024x751-1-768x563.jpg 768w\" sizes=\"auto, (max-width: 1024px) 100vw, 1024px\" \/><\/a><\/figure><\/li><li class=\"blocks-gallery-item\"><figure><a href=\"http:\/\/garten.andre-schuermann.net\/wp-content\/uploads\/2021\/01\/Header_kurs.jpg\"><img loading=\"lazy\" decoding=\"async\" width=\"1018\" height=\"460\" src=\"http:\/\/garten.andre-schuermann.net\/wp-content\/uploads\/2021\/01\/Header_kurs.jpg\" alt=\"\" data-id=\"84\" data-full-url=\"http:\/\/garten.andre-schuermann.net\/wp-content\/uploads\/2021\/01\/Header_kurs.jpg\" data-link=\"http:\/\/garten.andre-schuermann.net\/?attachment_id=84\" class=\"wp-image-84\" srcset=\"http:\/\/garten.andre-schuermann.net\/wp-content\/uploads\/2021\/01\/Header_kurs.jpg 1018w, http:\/\/garten.andre-schuermann.net\/wp-content\/uploads\/2021\/01\/Header_kurs-300x136.jpg 300w, http:\/\/garten.andre-schuermann.net\/wp-content\/uploads\/2021\/01\/Header_kurs-768x347.jpg 768w\" sizes=\"auto, (max-width: 1018px) 100vw, 1018px\" \/><\/a><\/figure><\/li><\/ul><\/figure>\n\n\n\n<p>Download der Einladung und Anmeldeunterlagen (Die Anmeldung l\u00e4sst sich am Computer ausf\u00fcllen und ausdrucken):<br><a href=\"http:\/\/garten.andre-schuermann.net\/wp-content\/uploads\/2014\/03\/Einladung.pdf\">Einladung<\/a> &#8211; <a href=\"http:\/\/garten.andre-schuermann.net\/wp-content\/uploads\/2024\/12\/Ameldeformular_2024_Einzel_Motorsa\u0308ge.pdf\" data-type=\"URL\">Anmeldung<\/a><\/p>\n\n\n\n<blockquote class=\"wp-block-quote is-layout-flow wp-block-quote-is-layout-flow\"><p>Desweiteren bieten wir Schulungen (auch f\u00fcr Gruppen) f\u00fcr <strong>Erdbaumaschinen, Gabelstapler-Flurfoederfahrzeuge, Hubarbeitsb\u00fchnen <\/strong>und<strong> Teleskoplader <\/strong>an. Rufen Sie uns einfach f\u00fcr weitere Information an!<\/p><\/blockquote>\n\n\n\n<p><\/p>\n","protected":false},"excerpt":{"rendered":"<p>Seit 2006 bieten wir Ihnen auch Schulungen an:gem\u00e4\u00df GUV -18624 : AS1 MS Kurs 1 und MS Kurs 2S\u00e4gen am liegenden Holz, F\u00e4llen und Entasten von B\u00e4umen. Motos\u00e4gen Schulungen: Der Motors\u00e4genf\u00fchrer muss eine spezielle Schutzausr\u00fcstung tragen: Schutzhelm mit Geh\u00f6r und&hellip; <\/p>\n","protected":false},"author":1,"featured_media":0,"parent":0,"menu_order":0,"comment_status":"closed","ping_status":"closed","template":"","meta":{"footnotes":""},"class_list":["post-430","page","type-page","status-publish","hentry"],"_links":{"self":[{"href":"http:\/\/garten.andre-schuermann.net\/index.php?rest_route=\/wp\/v2\/pages\/430","targetHints":{"allow":["GET"]}}],"collection":[{"href":"http:\/\/garten.andre-schuermann.net\/index.php?rest_route=\/wp\/v2\/pages"}],"about":[{"href":"http:\/\/garten.andre-schuermann.net\/index.php?rest_route=\/wp\/v2\/types\/page"}],"author":[{"embeddable":true,"href":"http:\/\/garten.andre-schuermann.net\/index.php?rest_route=\/wp\/v2\/users\/1"}],"replies":[{"embeddable":true,"href":"http:\/\/garten.andre-schuermann.net\/index.php?rest_route=%2Fwp%2Fv2%2Fcomments&post=430"}],"version-history":[{"count":5,"href":"http:\/\/garten.andre-schuermann.net\/index.php?rest_route=\/wp\/v2\/pages\/430\/revisions"}],"predecessor-version":[{"id":489,"href":"http:\/\/garten.andre-schuermann.net\/index.php?rest_route=\/wp\/v2\/pages\/430\/revisions\/489"}],"wp:attachment":[{"href":"http:\/\/garten.andre-schuermann.net\/index.php?rest_route=%2Fwp%2Fv2%2Fmedia&parent=430"}],"curies":[{"name":"wp","href":"https:\/\/api.w.org\/{rel}","templated":true}]}}