{"id":425,"date":"2021-02-03T15:55:01","date_gmt":"2021-02-03T14:55:01","guid":{"rendered":"http:\/\/garten.andre-schuermann.net\/wordpress\/?page_id=425"},"modified":"2021-02-03T19:37:58","modified_gmt":"2021-02-03T18:37:58","slug":"produkte-2","status":"publish","type":"page","link":"http:\/\/garten.andre-schuermann.net\/?page_id=425","title":{"rendered":"Produkte"},"content":{"rendered":"\n<p>Wir bieten Ihnen in unserer gro\u00dfen\n Gartenger\u00e4te-Ausstellung Modelle der Marken:<br><strong>Sabo, Echo, Castell-Garden und Dolmar.<\/strong><\/p>\n\n\n\n<figure class=\"wp-block-gallery columns-3 is-cropped wp-block-gallery-1 is-layout-flex wp-block-gallery-is-layout-flex\"><ul class=\"blocks-gallery-grid\"><li class=\"blocks-gallery-item\"><figure><a href=\"http:\/\/garten.andre-schuermann.net\/?attachment_id=88\"><img loading=\"lazy\" decoding=\"async\" width=\"604\" height=\"270\" src=\"http:\/\/garten.andre-schuermann.net\/wp-content\/uploads\/2021\/01\/IMG_9829-604x270-1.jpg\" alt=\"\" data-id=\"88\" data-full-url=\"http:\/\/garten.andre-schuermann.net\/wp-content\/uploads\/2021\/01\/IMG_9829-604x270-1.jpg\" data-link=\"http:\/\/garten.andre-schuermann.net\/?attachment_id=88\" class=\"wp-image-88\" srcset=\"http:\/\/garten.andre-schuermann.net\/wp-content\/uploads\/2021\/01\/IMG_9829-604x270-1.jpg 604w, http:\/\/garten.andre-schuermann.net\/wp-content\/uploads\/2021\/01\/IMG_9829-604x270-1-300x134.jpg 300w\" sizes=\"auto, (max-width: 604px) 100vw, 604px\" \/><\/a><\/figure><\/li><li class=\"blocks-gallery-item\"><figure><a href=\"http:\/\/garten.andre-schuermann.net\/?attachment_id=94\"><img loading=\"lazy\" decoding=\"async\" width=\"1024\" height=\"683\" src=\"http:\/\/garten.andre-schuermann.net\/wp-content\/uploads\/2021\/01\/IMG_9831-1024x683.jpg\" alt=\"\" data-id=\"94\" data-full-url=\"http:\/\/garten.andre-schuermann.net\/wp-content\/uploads\/2021\/01\/IMG_9831-scaled.jpg\" data-link=\"http:\/\/garten.andre-schuermann.net\/?attachment_id=94\" class=\"wp-image-94\" srcset=\"http:\/\/garten.andre-schuermann.net\/wp-content\/uploads\/2021\/01\/IMG_9831-1024x683.jpg 1024w, http:\/\/garten.andre-schuermann.net\/wp-content\/uploads\/2021\/01\/IMG_9831-300x200.jpg 300w, http:\/\/garten.andre-schuermann.net\/wp-content\/uploads\/2021\/01\/IMG_9831-768x512.jpg 768w, http:\/\/garten.andre-schuermann.net\/wp-content\/uploads\/2021\/01\/IMG_9831-1536x1024.jpg 1536w, http:\/\/garten.andre-schuermann.net\/wp-content\/uploads\/2021\/01\/IMG_9831-2048x1365.jpg 2048w\" sizes=\"auto, (max-width: 1024px) 100vw, 1024px\" \/><\/a><\/figure><\/li><li class=\"blocks-gallery-item\"><figure><a href=\"http:\/\/garten.andre-schuermann.net\/?attachment_id=103\"><img loading=\"lazy\" decoding=\"async\" width=\"682\" height=\"1024\" src=\"http:\/\/garten.andre-schuermann.net\/wp-content\/uploads\/2021\/01\/IMG_9834-e1379237189976-682x1024-1.jpg\" alt=\"\" data-id=\"103\" data-full-url=\"http:\/\/garten.andre-schuermann.net\/wp-content\/uploads\/2021\/01\/IMG_9834-e1379237189976-682x1024-1.jpg\" data-link=\"http:\/\/garten.andre-schuermann.net\/?attachment_id=103\" class=\"wp-image-103\" srcset=\"http:\/\/garten.andre-schuermann.net\/wp-content\/uploads\/2021\/01\/IMG_9834-e1379237189976-682x1024-1.jpg 682w, http:\/\/garten.andre-schuermann.net\/wp-content\/uploads\/2021\/01\/IMG_9834-e1379237189976-682x1024-1-200x300.jpg 200w\" sizes=\"auto, (max-width: 682px) 100vw, 682px\" \/><\/a><\/figure><\/li><li class=\"blocks-gallery-item\"><figure><a href=\"http:\/\/garten.andre-schuermann.net\/?attachment_id=99\"><img loading=\"lazy\" decoding=\"async\" width=\"1024\" height=\"683\" src=\"http:\/\/garten.andre-schuermann.net\/wp-content\/uploads\/2021\/01\/IMG_9833-1024x683.jpg\" alt=\"\" data-id=\"99\" data-full-url=\"http:\/\/garten.andre-schuermann.net\/wp-content\/uploads\/2021\/01\/IMG_9833-scaled.jpg\" data-link=\"http:\/\/garten.andre-schuermann.net\/?attachment_id=99\" class=\"wp-image-99\" srcset=\"http:\/\/garten.andre-schuermann.net\/wp-content\/uploads\/2021\/01\/IMG_9833-1024x683.jpg 1024w, http:\/\/garten.andre-schuermann.net\/wp-content\/uploads\/2021\/01\/IMG_9833-300x200.jpg 300w, http:\/\/garten.andre-schuermann.net\/wp-content\/uploads\/2021\/01\/IMG_9833-768x512.jpg 768w, http:\/\/garten.andre-schuermann.net\/wp-content\/uploads\/2021\/01\/IMG_9833-1536x1024.jpg 1536w, http:\/\/garten.andre-schuermann.net\/wp-content\/uploads\/2021\/01\/IMG_9833-2048x1365.jpg 2048w\" sizes=\"auto, (max-width: 1024px) 100vw, 1024px\" \/><\/a><\/figure><\/li><\/ul><\/figure>\n\n\n\n<p><strong>Hersteller:<\/strong><\/p>\n\n\n\n<figure class=\"wp-block-image\"><a href=\"https:\/\/www.anssems.com\/\"><img decoding=\"async\" src=\"http:\/\/garten.andre-schuermann.net\/wp-content\/uploads\/2018\/01\/anssems-e1515435233585.png\" alt=\"\" class=\"wp-image-344\"\/><\/a><\/figure>\n\n\n\n<figure class=\"wp-block-image\"><a href=\"https:\/\/www.sabo-online.de\/sabode\/regional_home.page\"><img decoding=\"async\" src=\"http:\/\/garten.andre-schuermann.net\/wp-content\/uploads\/2018\/01\/sabo-e1515435254320.png\" alt=\"\" class=\"wp-image-349\"\/><\/a><\/figure>\n\n\n\n<figure class=\"wp-block-image\"><a href=\"www.al-ko.com\/de\/solo-by-alko\"><img decoding=\"async\" src=\"http:\/\/garten.andre-schuermann.net\/wp-content\/uploads\/2018\/01\/Logo-Solo-by-AL-KO-1.jpg\" alt=\"\" class=\"wp-image-348\"\/><\/a><\/figure>\n\n\n\n<figure class=\"wp-block-image\"><a href=\"https:\/\/www.gartenland.de\/\"><img decoding=\"async\" src=\"http:\/\/garten.andre-schuermann.net\/wp-content\/uploads\/2018\/01\/gartenland.png\" alt=\"\" class=\"wp-image-347\"\/><\/a><\/figure>\n\n\n\n<figure class=\"wp-block-image\"><a href=\"http:\/\/www.echo-motorgeraete.de\/\"><img decoding=\"async\" src=\"http:\/\/garten.andre-schuermann.net\/wp-content\/uploads\/2018\/01\/echo-e1515435305318.png\" alt=\"\" class=\"wp-image-346\"\/><\/a><\/figure>\n\n\n\n<figure class=\"wp-block-image\"><a href=\"http:\/\/www.dolmar.de\/\"><img decoding=\"async\" src=\"http:\/\/garten.andre-schuermann.net\/wp-content\/uploads\/2018\/01\/dolmar.png\" alt=\"\" class=\"wp-image-345\"\/><\/a><\/figure>\n\n\n\n<p><strong>Ersatzteile:<\/strong> \u00dcber den Gast-Account k\u00f6nnen Sie sich in den Katalog einloggen und Ersatzteile raussuchen<\/p>\n\n\n\n<figure class=\"wp-block-image size-large\"><img loading=\"lazy\" decoding=\"async\" width=\"151\" height=\"69\" src=\"http:\/\/garten.andre-schuermann.net\/wp-content\/uploads\/2021\/02\/image.gif\" alt=\"\" class=\"wp-image-426\"\/><\/figure>\n\n\n\n<p>Wir haben im Angebot:<\/p>\n\n\n\n<p>Rasenm\u00e4her, Aufsitzm\u00e4her, Vertikutierer, H\u00e4cksler, Kettens\u00e4gen, Heckenscheren, Freischneider, Hochdruckreiniger, Motorhacken, Motorfr\u00e4sen sowie sonstige Gartenger\u00e4te und Gartensachen.<\/p>\n","protected":false},"excerpt":{"rendered":"<p>Wir bieten Ihnen in unserer gro\u00dfen Gartenger\u00e4te-Ausstellung Modelle der Marken:Sabo, Echo, Castell-Garden und Dolmar. Hersteller: Ersatzteile: \u00dcber den Gast-Account k\u00f6nnen Sie sich in den Katalog einloggen und Ersatzteile raussuchen Wir haben im Angebot: Rasenm\u00e4her, Aufsitzm\u00e4her, Vertikutierer, H\u00e4cksler, Kettens\u00e4gen, Heckenscheren, Freischneider,&hellip; <\/p>\n","protected":false},"author":1,"featured_media":385,"parent":0,"menu_order":0,"comment_status":"closed","ping_status":"closed","template":"","meta":{"footnotes":""},"class_list":["post-425","page","type-page","status-publish","has-post-thumbnail","hentry"],"_links":{"self":[{"href":"http:\/\/garten.andre-schuermann.net\/index.php?rest_route=\/wp\/v2\/pages\/425","targetHints":{"allow":["GET"]}}],"collection":[{"href":"http:\/\/garten.andre-schuermann.net\/index.php?rest_route=\/wp\/v2\/pages"}],"about":[{"href":"http:\/\/garten.andre-schuermann.net\/index.php?rest_route=\/wp\/v2\/types\/page"}],"author":[{"embeddable":true,"href":"http:\/\/garten.andre-schuermann.net\/index.php?rest_route=\/wp\/v2\/users\/1"}],"replies":[{"embeddable":true,"href":"http:\/\/garten.andre-schuermann.net\/index.php?rest_route=%2Fwp%2Fv2%2Fcomments&post=425"}],"version-history":[{"count":2,"href":"http:\/\/garten.andre-schuermann.net\/index.php?rest_route=\/wp\/v2\/pages\/425\/revisions"}],"predecessor-version":[{"id":450,"href":"http:\/\/garten.andre-schuermann.net\/index.php?rest_route=\/wp\/v2\/pages\/425\/revisions\/450"}],"wp:featuredmedia":[{"embeddable":true,"href":"http:\/\/garten.andre-schuermann.net\/index.php?rest_route=\/wp\/v2\/media\/385"}],"wp:attachment":[{"href":"http:\/\/garten.andre-schuermann.net\/index.php?rest_route=%2Fwp%2Fv2%2Fmedia&parent=425"}],"curies":[{"name":"wp","href":"https:\/\/api.w.org\/{rel}","templated":true}]}}