{"id":404,"date":"2021-02-03T19:34:43","date_gmt":"2021-02-03T18:34:43","guid":{"rendered":"http:\/\/garten.andre-schuermann.net\/wordpress\/?page_id=404"},"modified":"2021-02-03T19:34:44","modified_gmt":"2021-02-03T18:34:44","slug":"gebrauchte","status":"publish","type":"page","link":"http:\/\/garten.andre-schuermann.net\/?page_id=404","title":{"rendered":"Gebrauchte"},"content":{"rendered":"\n<p>Lieber eine gebrauchte Spitzenmaschine als eine vermeintliche &#8222;g\u00fcnstige Gelegenheit&#8220;,<br>die schon nach kurzer Zeit den Geist aufgibt.<\/p>\n\n\n\n<p>Wir bieten regelm\u00e4\u00dfig verschiedene Gebrauchtger\u00e4te f\u00fcr verschiedene Verwendungszwecke.<br>Aktuelle Ger\u00e4te finden Sie in der rechten Spalte.<\/p>\n","protected":false},"excerpt":{"rendered":"<p>Lieber eine gebrauchte Spitzenmaschine als eine vermeintliche &#8222;g\u00fcnstige Gelegenheit&#8220;,die schon nach kurzer Zeit den Geist aufgibt. Wir bieten regelm\u00e4\u00dfig verschiedene Gebrauchtger\u00e4te f\u00fcr verschiedene Verwendungszwecke.Aktuelle Ger\u00e4te finden Sie in der rechten Spalte.<\/p>\n","protected":false},"author":1,"featured_media":0,"parent":0,"menu_order":0,"comment_status":"closed","ping_status":"closed","template":"","meta":{"footnotes":""},"class_list":["post-404","page","type-page","status-publish","hentry"],"_links":{"self":[{"href":"http:\/\/garten.andre-schuermann.net\/index.php?rest_route=\/wp\/v2\/pages\/404","targetHints":{"allow":["GET"]}}],"collection":[{"href":"http:\/\/garten.andre-schuermann.net\/index.php?rest_route=\/wp\/v2\/pages"}],"about":[{"href":"http:\/\/garten.andre-schuermann.net\/index.php?rest_route=\/wp\/v2\/types\/page"}],"author":[{"embeddable":true,"href":"http:\/\/garten.andre-schuermann.net\/index.php?rest_route=\/wp\/v2\/users\/1"}],"replies":[{"embeddable":true,"href":"http:\/\/garten.andre-schuermann.net\/index.php?rest_route=%2Fwp%2Fv2%2Fcomments&post=404"}],"version-history":[{"count":1,"href":"http:\/\/garten.andre-schuermann.net\/index.php?rest_route=\/wp\/v2\/pages\/404\/revisions"}],"predecessor-version":[{"id":448,"href":"http:\/\/garten.andre-schuermann.net\/index.php?rest_route=\/wp\/v2\/pages\/404\/revisions\/448"}],"wp:attachment":[{"href":"http:\/\/garten.andre-schuermann.net\/index.php?rest_route=%2Fwp%2Fv2%2Fmedia&parent=404"}],"curies":[{"name":"wp","href":"https:\/\/api.w.org\/{rel}","templated":true}]}}